{"id":3884,"date":"2025-11-04T15:21:45","date_gmt":"2025-11-04T19:21:45","guid":{"rendered":"https:\/\/restaurantmonza.com\/?page_id=3884"},"modified":"2025-11-05T15:58:18","modified_gmt":"2025-11-05T19:58:18","slug":"brunch-menu-alberta","status":"publish","type":"page","link":"https:\/\/staging.restaurantmonza.com\/en\/brunch-menu-alberta\/","title":{"rendered":"Brunch Menu &#8211; Alberta"},"content":{"rendered":"<p><div class=\"fusion-fullwidth fullwidth-box fusion-builder-row-1 fusion-flex-container fusion-parallax-none nonhundred-percent-fullwidth non-hundred-percent-height-scrolling gradient-container-1\" style=\"--awb-background-position:center bottom;--awb-border-radius-top-left:0px;--awb-border-radius-top-right:0px;--awb-border-radius-bottom-right:0px;--awb-border-radius-bottom-left:0px;--awb-padding-top:200px;--awb-padding-bottom:200px;--awb-background-color:var(--awb-color6);--awb-background-image:url(&quot;https:\/\/staging.restaurantmonza.com\/wp-content\/uploads\/2022\/06\/salle-pour-evenement.jpg&quot;);--awb-background-size:cover;--awb-flex-wrap:wrap;\" ><div class=\"fusion-builder-row fusion-row fusion-flex-align-items-flex-start fusion-flex-justify-content-center fusion-flex-content-wrap\" style=\"max-width:1456px;margin-left: calc(-4% \/ 2 );margin-right: calc(-4% \/ 2 );\"><div class=\"fusion-layout-column fusion_builder_column fusion-builder-column-0 fusion_builder_column_3_4 3_4 fusion-flex-column\" style=\"--awb-bg-size:cover;--awb-width-large:75%;--awb-margin-top-large:0px;--awb-spacing-right-large:2.56%;--awb-margin-bottom-large:0px;--awb-spacing-left-large:2.56%;--awb-width-medium:75%;--awb-order-medium:0;--awb-spacing-right-medium:2.56%;--awb-spacing-left-medium:2.56%;--awb-width-small:100%;--awb-order-small:0;--awb-spacing-right-small:1.92%;--awb-spacing-left-small:1.92%;\"><div class=\"fusion-column-wrapper fusion-column-has-shadow fusion-flex-justify-content-flex-start fusion-content-layout-column\"><div class=\"fusion-title title fusion-title-1 fusion-sep-none fusion-title-center fusion-title-text fusion-title-size-one\" style=\"--awb-text-color:#f1eccd;--awb-margin-top:0px;--awb-margin-bottom:0px;--awb-margin-top-small:10px;--awb-margin-right-small:0px;--awb-margin-bottom-small:10px;--awb-margin-left-small:0px;\"><h1 class=\"fusion-title-heading title-heading-center fusion-responsive-typography-calculated\" style=\"margin:0;text-transform:uppercase;--fontSize:80;line-height:var(--awb-typography1-line-height);\"><p>BRUNCH MENU<br \/>\nALBERTA<\/p><\/h1><\/div><\/div><\/div><\/div><\/div><div class=\"fusion-fullwidth fullwidth-box fusion-builder-row-2 fusion-flex-container nonhundred-percent-fullwidth non-hundred-percent-height-scrolling gradient-container-2\" style=\"--awb-border-radius-top-left:0px;--awb-border-radius-top-right:0px;--awb-border-radius-bottom-right:0px;--awb-border-radius-bottom-left:0px;--awb-padding-top:100px;--awb-padding-bottom:100px;--awb-background-color:var(--awb-color1);--awb-flex-wrap:wrap;\" ><div class=\"fusion-builder-row fusion-row fusion-flex-align-items-flex-start fusion-flex-justify-content-center fusion-flex-content-wrap\" style=\"max-width:1456px;margin-left: calc(-4% \/ 2 );margin-right: calc(-4% \/ 2 );\"><div class=\"fusion-layout-column fusion_builder_column fusion-builder-column-1 fusion_builder_column_1_1 1_1 fusion-flex-column fusion-flex-align-self-center\" style=\"--awb-bg-size:cover;--awb-width-large:100%;--awb-margin-top-large:0px;--awb-spacing-right-large:1.92%;--awb-margin-bottom-large:20px;--awb-spacing-left-large:1.92%;--awb-width-medium:100%;--awb-order-medium:0;--awb-spacing-right-medium:1.92%;--awb-spacing-left-medium:1.92%;--awb-width-small:100%;--awb-order-small:0;--awb-spacing-right-small:1.92%;--awb-spacing-left-small:1.92%;\"><div class=\"fusion-column-wrapper fusion-column-has-shadow fusion-flex-justify-content-center fusion-content-layout-row\"><div class=\"fusion-image-element \" style=\"text-align:center;--awb-caption-title-font-family:var(--h2_typography-font-family);--awb-caption-title-font-weight:var(--h2_typography-font-weight);--awb-caption-title-font-style:var(--h2_typography-font-style);--awb-caption-title-size:var(--h2_typography-font-size);--awb-caption-title-transform:var(--h2_typography-text-transform);--awb-caption-title-line-height:var(--h2_typography-line-height);--awb-caption-title-letter-spacing:var(--h2_typography-letter-spacing);\"><span class=\" fusion-imageframe imageframe-none imageframe-1 hover-type-none\"><a href=\"https:\/\/staging.restaurantmonza.com\/wp-content\/uploads\/2025\/11\/MZ_SEPT2025_CALGARY_BRUNCH_MENU_WEB_2550x3300-scaled.jpg\" class=\"fusion-lightbox\" data-rel=\"iLightbox[f0f3260ca34297c9762]\" data-title=\"Enoteca Monza &#8211; Brunch\" title=\"Enoteca Monza &#8211; Brunch\"><img decoding=\"async\" width=\"1978\" height=\"2560\" src=\"https:\/\/staging.restaurantmonza.com\/wp-content\/uploads\/2025\/11\/MZ_SEPT2025_CALGARY_BRUNCH_MENU_WEB_2550x3300-scaled.jpg\" alt class=\"img-responsive wp-image-3926\" srcset=\"https:\/\/staging.restaurantmonza.com\/wp-content\/uploads\/2025\/11\/MZ_SEPT2025_CALGARY_BRUNCH_MENU_WEB_2550x3300-200x259.jpg 200w, https:\/\/staging.restaurantmonza.com\/wp-content\/uploads\/2025\/11\/MZ_SEPT2025_CALGARY_BRUNCH_MENU_WEB_2550x3300-400x518.jpg 400w, https:\/\/staging.restaurantmonza.com\/wp-content\/uploads\/2025\/11\/MZ_SEPT2025_CALGARY_BRUNCH_MENU_WEB_2550x3300-600x776.jpg 600w, https:\/\/staging.restaurantmonza.com\/wp-content\/uploads\/2025\/11\/MZ_SEPT2025_CALGARY_BRUNCH_MENU_WEB_2550x3300-800x1035.jpg 800w, https:\/\/staging.restaurantmonza.com\/wp-content\/uploads\/2025\/11\/MZ_SEPT2025_CALGARY_BRUNCH_MENU_WEB_2550x3300-1200x1553.jpg 1200w, https:\/\/staging.restaurantmonza.com\/wp-content\/uploads\/2025\/11\/MZ_SEPT2025_CALGARY_BRUNCH_MENU_WEB_2550x3300-scaled.jpg 1978w\" sizes=\"(max-width: 640px) 100vw, 1978px\" \/><\/a><\/span><\/div><\/div><\/div><\/div><\/div><\/p>\n","protected":false},"excerpt":{"rendered":"","protected":false},"author":16,"featured_media":0,"parent":0,"menu_order":0,"comment_status":"closed","ping_status":"closed","template":"100-width.php","meta":{"footnotes":""},"class_list":["post-3884","page","type-page","status-publish","hentry"],"yoast_head":"<!-- This site is optimized with the Yoast SEO plugin v27.4 - https:\/\/yoast.com\/product\/yoast-seo-wordpress\/ -->\n<title>Menu breuvage : boissons cr\u00e9atives et bar \u00e0 vin<\/title>\n<meta name=\"description\" content=\"Explorez notre Menu Breuvage avec une vari\u00e9t\u00e9 de cocktails artisanaux, vins fins et boissons uniques pour agr\u00e9menter votre exp\u00e9rience culinaire.\" \/>\n<meta name=\"robots\" content=\"noindex, follow, max-snippet:-1, max-image-preview:large, max-video-preview:-1\" \/>\n<meta property=\"og:locale\" content=\"en_US\" \/>\n<meta property=\"og:type\" content=\"article\" \/>\n<meta property=\"og:title\" content=\"Menu breuvage : boissons cr\u00e9atives et bar \u00e0 vin\" \/>\n<meta property=\"og:description\" content=\"Explorez notre Menu Breuvage avec une vari\u00e9t\u00e9 de cocktails artisanaux, vins fins et boissons uniques pour agr\u00e9menter votre exp\u00e9rience culinaire.\" \/>\n<meta property=\"og:url\" content=\"https:\/\/staging.restaurantmonza.com\/en\/brunch-menu-alberta\/\" \/>\n<meta property=\"og:site_name\" content=\"Enoteca Monza\" \/>\n<meta property=\"article:publisher\" content=\"https:\/\/www.facebook.com\/enotecamonza\/\" \/>\n<meta property=\"article:modified_time\" content=\"2025-11-05T19:58:18+00:00\" \/>\n<meta property=\"og:image\" content=\"https:\/\/staging.restaurantmonza.com\/wp-content\/uploads\/2022\/06\/5-a-7.jpg\" \/>\n\t<meta property=\"og:image:width\" content=\"535\" \/>\n\t<meta property=\"og:image:height\" content=\"340\" \/>\n\t<meta property=\"og:image:type\" content=\"image\/jpeg\" \/>\n<meta name=\"twitter:card\" content=\"summary_large_image\" \/>\n<meta name=\"twitter:label1\" content=\"Est. reading time\" \/>\n\t<meta name=\"twitter:data1\" content=\"1 minute\" \/>\n<script type=\"application\/ld+json\" class=\"yoast-schema-graph\">{\"@context\":\"https:\\\/\\\/schema.org\",\"@graph\":[{\"@type\":\"WebPage\",\"@id\":\"https:\\\/\\\/staging.restaurantmonza.com\\\/en\\\/brunch-menu-alberta\\\/\",\"url\":\"https:\\\/\\\/staging.restaurantmonza.com\\\/en\\\/brunch-menu-alberta\\\/\",\"name\":\"Menu breuvage : boissons cr\u00e9atives et bar \u00e0 vin\",\"isPartOf\":{\"@id\":\"https:\\\/\\\/staging.restaurantmonza.com\\\/en\\\/#website\"},\"datePublished\":\"2025-11-04T19:21:45+00:00\",\"dateModified\":\"2025-11-05T19:58:18+00:00\",\"description\":\"Explorez notre Menu Breuvage avec une vari\u00e9t\u00e9 de cocktails artisanaux, vins fins et boissons uniques pour agr\u00e9menter votre exp\u00e9rience culinaire.\",\"breadcrumb\":{\"@id\":\"https:\\\/\\\/staging.restaurantmonza.com\\\/en\\\/brunch-menu-alberta\\\/#breadcrumb\"},\"inLanguage\":\"en-US\",\"potentialAction\":[{\"@type\":\"ReadAction\",\"target\":[\"https:\\\/\\\/staging.restaurantmonza.com\\\/en\\\/brunch-menu-alberta\\\/\"]}]},{\"@type\":\"BreadcrumbList\",\"@id\":\"https:\\\/\\\/staging.restaurantmonza.com\\\/en\\\/brunch-menu-alberta\\\/#breadcrumb\",\"itemListElement\":[{\"@type\":\"ListItem\",\"position\":1,\"name\":\"Accueil\",\"item\":\"https:\\\/\\\/staging.restaurantmonza.com\\\/en\\\/\"},{\"@type\":\"ListItem\",\"position\":2,\"name\":\"Brunch Menu &#8211; Alberta\"}]},{\"@type\":\"WebSite\",\"@id\":\"https:\\\/\\\/staging.restaurantmonza.com\\\/en\\\/#website\",\"url\":\"https:\\\/\\\/staging.restaurantmonza.com\\\/en\\\/\",\"name\":\"Enoteca Monza\",\"description\":\"Enoteca Monza Pizzeria Moderna\",\"publisher\":{\"@id\":\"https:\\\/\\\/staging.restaurantmonza.com\\\/en\\\/#organization\"},\"potentialAction\":[{\"@type\":\"SearchAction\",\"target\":{\"@type\":\"EntryPoint\",\"urlTemplate\":\"https:\\\/\\\/staging.restaurantmonza.com\\\/en\\\/?s={search_term_string}\"},\"query-input\":{\"@type\":\"PropertyValueSpecification\",\"valueRequired\":true,\"valueName\":\"search_term_string\"}}],\"inLanguage\":\"en-US\"},{\"@type\":\"Organization\",\"@id\":\"https:\\\/\\\/staging.restaurantmonza.com\\\/en\\\/#organization\",\"name\":\"Enoteca Monza\",\"url\":\"https:\\\/\\\/staging.restaurantmonza.com\\\/en\\\/\",\"logo\":{\"@type\":\"ImageObject\",\"inLanguage\":\"en-US\",\"@id\":\"https:\\\/\\\/staging.restaurantmonza.com\\\/en\\\/#\\\/schema\\\/logo\\\/image\\\/\",\"url\":\"https:\\\/\\\/staging.restaurantmonza.com\\\/wp-content\\\/uploads\\\/2022\\\/06\\\/LOGO_Green.png\",\"contentUrl\":\"https:\\\/\\\/staging.restaurantmonza.com\\\/wp-content\\\/uploads\\\/2022\\\/06\\\/LOGO_Green.png\",\"width\":392,\"height\":145,\"caption\":\"Enoteca Monza\"},\"image\":{\"@id\":\"https:\\\/\\\/staging.restaurantmonza.com\\\/en\\\/#\\\/schema\\\/logo\\\/image\\\/\"},\"sameAs\":[\"https:\\\/\\\/www.facebook.com\\\/enotecamonza\\\/\",\"https:\\\/\\\/www.instagram.com\\\/enotecamonza\\\/\"]}]}<\/script>\n<!-- \/ Yoast SEO plugin. -->","yoast_head_json":{"title":"Menu breuvage : boissons cr\u00e9atives et bar \u00e0 vin","description":"Explorez notre Menu Breuvage avec une vari\u00e9t\u00e9 de cocktails artisanaux, vins fins et boissons uniques pour agr\u00e9menter votre exp\u00e9rience culinaire.","robots":{"index":"noindex","follow":"follow","max-snippet":"max-snippet:-1","max-image-preview":"max-image-preview:large","max-video-preview":"max-video-preview:-1"},"og_locale":"en_US","og_type":"article","og_title":"Menu breuvage : boissons cr\u00e9atives et bar \u00e0 vin","og_description":"Explorez notre Menu Breuvage avec une vari\u00e9t\u00e9 de cocktails artisanaux, vins fins et boissons uniques pour agr\u00e9menter votre exp\u00e9rience culinaire.","og_url":"https:\/\/staging.restaurantmonza.com\/en\/brunch-menu-alberta\/","og_site_name":"Enoteca Monza","article_publisher":"https:\/\/www.facebook.com\/enotecamonza\/","article_modified_time":"2025-11-05T19:58:18+00:00","og_image":[{"width":535,"height":340,"url":"https:\/\/staging.restaurantmonza.com\/wp-content\/uploads\/2022\/06\/5-a-7.jpg","type":"image\/jpeg"}],"twitter_card":"summary_large_image","twitter_misc":{"Est. reading time":"1 minute"},"schema":{"@context":"https:\/\/schema.org","@graph":[{"@type":"WebPage","@id":"https:\/\/staging.restaurantmonza.com\/en\/brunch-menu-alberta\/","url":"https:\/\/staging.restaurantmonza.com\/en\/brunch-menu-alberta\/","name":"Menu breuvage : boissons cr\u00e9atives et bar \u00e0 vin","isPartOf":{"@id":"https:\/\/staging.restaurantmonza.com\/en\/#website"},"datePublished":"2025-11-04T19:21:45+00:00","dateModified":"2025-11-05T19:58:18+00:00","description":"Explorez notre Menu Breuvage avec une vari\u00e9t\u00e9 de cocktails artisanaux, vins fins et boissons uniques pour agr\u00e9menter votre exp\u00e9rience culinaire.","breadcrumb":{"@id":"https:\/\/staging.restaurantmonza.com\/en\/brunch-menu-alberta\/#breadcrumb"},"inLanguage":"en-US","potentialAction":[{"@type":"ReadAction","target":["https:\/\/staging.restaurantmonza.com\/en\/brunch-menu-alberta\/"]}]},{"@type":"BreadcrumbList","@id":"https:\/\/staging.restaurantmonza.com\/en\/brunch-menu-alberta\/#breadcrumb","itemListElement":[{"@type":"ListItem","position":1,"name":"Accueil","item":"https:\/\/staging.restaurantmonza.com\/en\/"},{"@type":"ListItem","position":2,"name":"Brunch Menu &#8211; Alberta"}]},{"@type":"WebSite","@id":"https:\/\/staging.restaurantmonza.com\/en\/#website","url":"https:\/\/staging.restaurantmonza.com\/en\/","name":"Enoteca Monza","description":"Enoteca Monza Pizzeria Moderna","publisher":{"@id":"https:\/\/staging.restaurantmonza.com\/en\/#organization"},"potentialAction":[{"@type":"SearchAction","target":{"@type":"EntryPoint","urlTemplate":"https:\/\/staging.restaurantmonza.com\/en\/?s={search_term_string}"},"query-input":{"@type":"PropertyValueSpecification","valueRequired":true,"valueName":"search_term_string"}}],"inLanguage":"en-US"},{"@type":"Organization","@id":"https:\/\/staging.restaurantmonza.com\/en\/#organization","name":"Enoteca Monza","url":"https:\/\/staging.restaurantmonza.com\/en\/","logo":{"@type":"ImageObject","inLanguage":"en-US","@id":"https:\/\/staging.restaurantmonza.com\/en\/#\/schema\/logo\/image\/","url":"https:\/\/staging.restaurantmonza.com\/wp-content\/uploads\/2022\/06\/LOGO_Green.png","contentUrl":"https:\/\/staging.restaurantmonza.com\/wp-content\/uploads\/2022\/06\/LOGO_Green.png","width":392,"height":145,"caption":"Enoteca Monza"},"image":{"@id":"https:\/\/staging.restaurantmonza.com\/en\/#\/schema\/logo\/image\/"},"sameAs":["https:\/\/www.facebook.com\/enotecamonza\/","https:\/\/www.instagram.com\/enotecamonza\/"]}]}},"_links":{"self":[{"href":"https:\/\/staging.restaurantmonza.com\/en\/wp-json\/wp\/v2\/pages\/3884","targetHints":{"allow":["GET"]}}],"collection":[{"href":"https:\/\/staging.restaurantmonza.com\/en\/wp-json\/wp\/v2\/pages"}],"about":[{"href":"https:\/\/staging.restaurantmonza.com\/en\/wp-json\/wp\/v2\/types\/page"}],"author":[{"embeddable":true,"href":"https:\/\/staging.restaurantmonza.com\/en\/wp-json\/wp\/v2\/users\/16"}],"replies":[{"embeddable":true,"href":"https:\/\/staging.restaurantmonza.com\/en\/wp-json\/wp\/v2\/comments?post=3884"}],"version-history":[{"count":4,"href":"https:\/\/staging.restaurantmonza.com\/en\/wp-json\/wp\/v2\/pages\/3884\/revisions"}],"predecessor-version":[{"id":3929,"href":"https:\/\/staging.restaurantmonza.com\/en\/wp-json\/wp\/v2\/pages\/3884\/revisions\/3929"}],"wp:attachment":[{"href":"https:\/\/staging.restaurantmonza.com\/en\/wp-json\/wp\/v2\/media?parent=3884"}],"curies":[{"name":"wp","href":"https:\/\/api.w.org\/{rel}","templated":true}]}}